{"id":641,"date":"2023-02-02T02:12:30","date_gmt":"2023-02-01T23:12:30","guid":{"rendered":"https:\/\/asconcept.com.tr\/contact-us\/"},"modified":"2024-03-06T13:45:15","modified_gmt":"2024-03-06T10:45:15","slug":"contact-us","status":"publish","type":"page","link":"https:\/\/asconcept.com.tr\/en\/contact-us\/","title":{"rendered":"Contact Us"},"content":{"rendered":"\t\t<div data-elementor-type=\"wp-page\" data-elementor-id=\"641\" class=\"elementor elementor-641 elementor-330\">\n\t\t\t\t\t\t<section class=\"elementor-section elementor-top-section elementor-element elementor-element-481e6421 elementor-section-boxed elementor-section-height-default elementor-section-height-default\" data-id=\"481e6421\" data-element_type=\"section\">\n\t\t\t\t\t\t<div class=\"elementor-container elementor-column-gap-no\">\n\t\t\t\t\t<div class=\"elementor-column elementor-col-100 elementor-top-column elementor-element elementor-element-615153a\" data-id=\"615153a\" data-element_type=\"column\">\n\t\t\t<div class=\"elementor-widget-wrap elementor-element-populated\">\n\t\t\t\t\t\t<div class=\"elementor-element elementor-element-053b119 elementor-widget elementor-widget-heading\" data-id=\"053b119\" data-element_type=\"widget\" data-widget_type=\"heading.default\">\n\t\t\t\t<div class=\"elementor-widget-container\">\n\t\t\t<h2 class=\"elementor-heading-title elementor-size-default\">Contact Us<\/h2>\t\t<\/div>\n\t\t\t\t<\/div>\n\t\t\t\t\t<\/div>\n\t\t<\/div>\n\t\t\t\t\t<\/div>\n\t\t<\/section>\n\t\t\t\t<section class=\"elementor-section elementor-top-section elementor-element elementor-element-410c2c8c elementor-section-boxed elementor-section-height-default elementor-section-height-default\" data-id=\"410c2c8c\" data-element_type=\"section\">\n\t\t\t\t\t\t<div class=\"elementor-container elementor-column-gap-no\">\n\t\t\t\t\t<div class=\"elementor-column elementor-col-50 elementor-top-column elementor-element elementor-element-2f983a8c\" data-id=\"2f983a8c\" data-element_type=\"column\">\n\t\t\t<div class=\"elementor-widget-wrap elementor-element-populated\">\n\t\t\t\t\t\t<div class=\"elementor-element elementor-element-acdb4fc elementor-widget elementor-widget-heading\" data-id=\"acdb4fc\" data-element_type=\"widget\" data-widget_type=\"heading.default\">\n\t\t\t\t<div class=\"elementor-widget-container\">\n\t\t\t<h2 class=\"elementor-heading-title elementor-size-default\">Bas\u0131n Ekspres, <span style=\"color:#bb995f\">\u0130stanbul<\/span>\n<\/h2>\t\t<\/div>\n\t\t\t\t<\/div>\n\t\t\t\t<div class=\"elementor-element elementor-element-d539ab2 elementor-widget elementor-widget-text-editor\" data-id=\"d539ab2\" data-element_type=\"widget\" data-widget_type=\"text-editor.default\">\n\t\t\t\t<div class=\"elementor-widget-container\">\n\t\t\t\t\t\t\t<address class=\"contact-block__address\">Mahmutbey Mh. 2658. Sk No:14, 34218<\/address>\n<address class=\"contact-block__address\">Ba\u011fc\u0131lar, Istanbul, T\u00fcrkiye<\/address>\n\t\t\t\t\t\t<\/div>\n\t\t\t\t<\/div>\n\t\t\t\t<div class=\"elementor-element elementor-element-c0b3484 elementor-widget elementor-widget-text-editor\" data-id=\"c0b3484\" data-element_type=\"widget\" data-widget_type=\"text-editor.default\">\n\t\t\t\t<div class=\"elementor-widget-container\">\n\t\t\t\t\t\t\t<p><a href=\"tel:4444314\">444 4 314<\/a><\/p>\n\t\t\t\t\t\t<\/div>\n\t\t\t\t<\/div>\n\t\t\t\t<div class=\"elementor-element elementor-element-8a2d239 elementor-widget elementor-widget-text-editor\" data-id=\"8a2d239\" data-element_type=\"widget\" data-widget_type=\"text-editor.default\">\n\t\t\t\t<div class=\"elementor-widget-container\">\n\t\t\t\t\t\t\t<div class=\"contact-block__item-hint\"><strong>E-Posta:<\/strong> <a href=\"mailto:info@asconcept.com.tr\">info@asconcept.com.tr<\/a><\/div>\n\t\t\t\t\t\t<\/div>\n\t\t\t\t<\/div>\n\t\t\t\t\t<\/div>\n\t\t<\/div>\n\t\t\t\t<div class=\"elementor-column elementor-col-50 elementor-top-column elementor-element elementor-element-225088ef\" data-id=\"225088ef\" data-element_type=\"column\">\n\t\t\t<div class=\"elementor-widget-wrap elementor-element-populated\">\n\t\t\t\t\t\t<div class=\"elementor-element elementor-element-5f6f72d4 elementor-widget elementor-widget-heading\" data-id=\"5f6f72d4\" data-element_type=\"widget\" data-widget_type=\"heading.default\">\n\t\t\t\t<div class=\"elementor-widget-container\">\n\t\t\t<h2 class=\"elementor-heading-title elementor-size-default\">Let us welcome you in our sales office or <span style=\"color:#bb995f\">call you!<\/span><\/h2>\t\t<\/div>\n\t\t\t\t<\/div>\n\t\t\t\t<div class=\"elementor-element elementor-element-2666a6b fluent-form-widget-step-header-yes fluent-form-widget-step-progressbar-yes fluentform-widget-submit-button-custom elementor-widget elementor-widget-fluent-form-widget\" data-id=\"2666a6b\" data-element_type=\"widget\" data-widget_type=\"fluent-form-widget.default\">\n\t\t\t\t<div class=\"elementor-widget-container\">\n\t\t\t\n            <div class=\"fluentform-widget-wrapper hide-fluent-form-labels fluentform-widget-align-default\">\n\n            \n            <div class='fluentform ff-default fluentform_wrapper_7 ffs_default_wrap'><form data-form_id=\"7\" id=\"fluentform_7\" class=\"frm-fluent-form fluent_form_7 ff-el-form-top ff_form_instance_7_1 ff-form-loading ffs_default\" data-form_instance=\"ff_form_instance_7_1\" method=\"POST\" ><fieldset  style=\"border: none!important;margin: 0!important;padding: 0!important;background-color: transparent!important;box-shadow: none!important;outline: none!important; min-inline-size: 100%;\">\n                    <legend class=\"ff_screen_reader_title\" style=\"display: block; margin: 0!important;padding: 0!important;height: 0!important;text-indent: -999999px;width: 0!important;overflow:hidden;\">\u0130leti\u015fim Formu EN<\/legend><input type='hidden' name='__fluent_form_embded_post_id' value='641' \/><input type=\"hidden\" id=\"_fluentform_7_fluentformnonce\" name=\"_fluentform_7_fluentformnonce\" value=\"8afeb0e3fc\" \/><input type=\"hidden\" name=\"_wp_http_referer\" value=\"\/en\/wp-json\/wp\/v2\/pages\/641\" \/><div data-type=\"name-element\" data-name=\"names\" class=\" ff-field_container ff-name-field-wrapper\" ><div class='ff-t-container'><div class='ff-t-cell '><div class='ff-el-group  ff-el-form-hide_label'><div class=\"ff-el-input--label ff-el-is-required asterisk-right\"><label for='ff_7_names_first_name_' >Name<\/label><\/div><div class='ff-el-input--content'><input type=\"text\" name=\"names[first_name]\" id=\"ff_7_names_first_name_\" class=\"ff-el-form-control\" placeholder=\"Name\" aria-invalid=\"false\" aria-required=true><\/div><\/div><\/div><\/div><\/div><div data-type=\"name-element\" data-name=\"names_1\" class=\" ff-field_container ff-name-field-wrapper\" ><div class='ff-t-container'><div class='ff-t-cell '><div class='ff-el-group  ff-el-form-hide_label'><div class=\"ff-el-input--label ff-el-is-required asterisk-right\"><label for='ff_7_names_1_last_name_' >Surname<\/label><\/div><div class='ff-el-input--content'><input type=\"text\" name=\"names_1[last_name]\" id=\"ff_7_names_1_last_name_\" class=\"ff-el-form-control\" placeholder=\"Surname\" aria-invalid=\"false\" aria-required=true><\/div><\/div><\/div><\/div><\/div><div class='ff-el-group ff-el-form-hide_label'><div class=\"ff-el-input--label asterisk-right\"><label for='ff_7_email' aria-label=\"E-mail\">E-mail<\/label><\/div><div class='ff-el-input--content'><input type=\"email\" name=\"email\" id=\"ff_7_email\" class=\"ff-el-form-control\" placeholder=\"E-mail\" data-name=\"email\"  aria-invalid=\"false\" aria-required=false><\/div><\/div><div class='ff-el-group ff-el-form-hide_label'><div class=\"ff-el-input--label ff-el-is-required asterisk-right\"><label for='ff_7_phone' aria-label=\"Phone\/Mobile\">Phone\/Mobile<\/label><\/div><div class='ff-el-input--content'><input name=\"phone\" class=\"ff-el-form-control ff-el-phone ff_el_with_extended_validation\" type=\"tel\" placeholder=\"Phone\" data-name=\"phone\" id=\"ff_7_phone\" inputmode=\"tel\" ><\/div><\/div><input type=\"hidden\" name=\"hidden\" value=\"216.73.216.230\" data-name=\"hidden\" ><div class='ff-el-group    ff-el-input--content'><div class='ff-el-form-check ff-el-tc'><label aria-label='Terms and Conditions: I have reviewed and approved the GDPR text. Contains 1 link. Use tab navigation to review.' class='ff-el-form-check-label ff_tc_label' for=gdpr-agreement_ed35d77f7b354996dc9cfe9f2c6d13e2><span class='ff_tc_checkbox'><input type=\"checkbox\" name=\"gdpr-agreement\" class=\"ff-el-form-check-input ff_gdpr_field\" data-name=\"gdpr-agreement\" id=\"gdpr-agreement_ed35d77f7b354996dc9cfe9f2c6d13e2\"  value='on' aria-invalid='false' aria-required=true><\/span> <div class='ff_t_c'><a style=\"text-decoration:underline\" href=\"\/kvkk\/\" target=\"_blank\">I have reviewed and approved the GDPR text.<\/a><\/div><\/label><\/div><\/div><input type=\"hidden\" name=\"utm_source\" value=\"\" data-name=\"utm_source\" ><input type=\"hidden\" name=\"utm_medium\" value=\"\" data-name=\"utm_medium\" ><input type=\"hidden\" name=\"utm_campaign\" value=\"\" data-name=\"utm_campaign\" ><input type=\"hidden\" name=\"utm_content\" value=\"\" data-name=\"utm_content\" ><input type=\"hidden\" name=\"utm_term\" value=\"\" data-name=\"utm_term\" ><div class='ff-el-group ff-text-left ff_submit_btn_wrapper'><button type=\"submit\" class=\"ff-btn ff-btn-submit ff-btn-md ff_btn_style\" >Submit<\/button><\/div><\/fieldset><\/form><div id='fluentform_7_errors' class='ff-errors-in-stack ff_form_instance_7_1 ff-form-loading_errors ff_form_instance_7_1_errors'><\/div><\/div>        <script type=\"text\/javascript\">\n            window.fluent_form_ff_form_instance_7_1 = {\"id\":\"7\",\"settings\":{\"layout\":{\"labelPlacement\":\"top\",\"helpMessagePlacement\":\"with_label\",\"errorMessagePlacement\":\"inline\",\"cssClassName\":\"\",\"asteriskPlacement\":\"asterisk-right\"},\"restrictions\":{\"denyEmptySubmission\":{\"enabled\":false}}},\"form_instance\":\"ff_form_instance_7_1\",\"form_id_selector\":\"fluentform_7\",\"rules\":{\"names[first_name]\":{\"required\":{\"value\":true,\"message\":\"Bu alan gerekli.\",\"global\":false,\"global_message\":\"This field is required\"}},\"names[middle_name]\":{\"required\":{\"value\":false,\"message\":\"This field is required\",\"global\":false,\"global_message\":\"This field is required\"}},\"names[last_name]\":{\"required\":{\"value\":false,\"message\":\"This field is required\",\"global\":false,\"global_message\":\"This field is required\"}},\"names_1[first_name]\":{\"required\":{\"value\":false,\"message\":\"This field is required\",\"global\":false,\"global_message\":\"This field is required\"}},\"names_1[middle_name]\":{\"required\":{\"value\":false,\"message\":\"This field is required\",\"global\":false,\"global_message\":\"This field is required\"}},\"names_1[last_name]\":{\"required\":{\"value\":true,\"message\":\"Bu alan gerekli.\",\"global\":false,\"global_message\":\"This field is required\"}},\"email\":{\"required\":{\"value\":false,\"message\":\"L\\u00fctfen ge\\u00e7erli bir e-posta adresi giriniz.\",\"global\":false,\"global_message\":\"This field is required\"},\"email\":{\"value\":true,\"message\":\"L\\u00fctfen ge\\u00e7erli bir e-posta adresi giriniz.\",\"global\":false,\"global_message\":\"This field must contain a valid email\"}},\"phone\":{\"required\":{\"value\":true,\"message\":\"Bu alan gerekli.\",\"global\":false,\"global_message\":\"This field is required\"},\"valid_phone_number\":{\"value\":true,\"message\":\"L\\u00fctfen ge\\u00e7erli bir telefon numaras\\u0131 giriniz.\",\"global\":false,\"global_message\":\"Phone number is not valid\"}},\"gdpr-agreement\":{\"required\":{\"value\":true,\"message\":\"Bu alan\\u0131 onaylaman\\u0131z gerekli.\",\"global\":false,\"global_message\":\"This field is required\"}}},\"debounce_time\":300};\n                    <\/script>\n                    <\/div>\n\n            \t\t<\/div>\n\t\t\t\t<\/div>\n\t\t\t\t\t<\/div>\n\t\t<\/div>\n\t\t\t\t\t<\/div>\n\t\t<\/section>\n\t\t\t\t<section class=\"elementor-section elementor-top-section elementor-element elementor-element-d0cc85a elementor-section-full_width c__map elementor-section-height-default elementor-section-height-default\" data-id=\"d0cc85a\" data-element_type=\"section\">\n\t\t\t\t\t\t<div class=\"elementor-container elementor-column-gap-custom\">\n\t\t\t\t\t<div class=\"elementor-column elementor-col-100 elementor-top-column elementor-element elementor-element-422ff2cd\" data-id=\"422ff2cd\" data-element_type=\"column\">\n\t\t\t<div class=\"elementor-widget-wrap elementor-element-populated\">\n\t\t\t\t\t\t<div class=\"elementor-element elementor-element-71063309 elementor-widget elementor-widget-google_maps\" data-id=\"71063309\" data-element_type=\"widget\" data-widget_type=\"google_maps.default\">\n\t\t\t\t<div class=\"elementor-widget-container\">\n\t\t\t\t\t<div class=\"elementor-custom-embed\">\n\t\t\t<iframe loading=\"lazy\"\n\t\t\t\t\tsrc=\"https:\/\/maps.google.com\/maps?q=Mahmutbey%20Mh.%2C%202658.%20Sk%20No%3A14%2C%2034218%20Ba%C4%9Fc%C4%B1lar%2F%C4%B0stanbul&#038;t=m&#038;z=18&#038;output=embed&#038;iwloc=near\"\n\t\t\t\t\ttitle=\"Mahmutbey Mh., 2658. Sk No:14, 34218 Ba\u011fc\u0131lar\/\u0130stanbul\"\n\t\t\t\t\taria-label=\"Mahmutbey Mh., 2658. Sk No:14, 34218 Ba\u011fc\u0131lar\/\u0130stanbul\"\n\t\t\t><\/iframe>\n\t\t<\/div>\n\t\t\t\t<\/div>\n\t\t\t\t<\/div>\n\t\t\t\t\t<\/div>\n\t\t<\/div>\n\t\t\t\t\t<\/div>\n\t\t<\/section>\n\t\t\t\t<\/div>\n\t\t","protected":false},"excerpt":{"rendered":"<p>Contact Us Bas\u0131n Ekspres, \u0130stanbul Mahmutbey Mh. 2658. Sk No:14, 34218 Ba\u011fc\u0131lar, Istanbul, T\u00fcrkiye 444 4 314 E-Posta: info@asconcept.com.tr Let us welcome you in our sales office or call you! Name Surname E-mail Phone\/Mobile KVKK metnini okudum, \u0130zin veriyorum.G\u00f6nder<\/p>\n","protected":false},"author":1,"featured_media":0,"parent":0,"menu_order":0,"comment_status":"closed","ping_status":"closed","template":"","meta":{"footnotes":""},"class_list":["post-641","page","type-page","status-publish","hentry"],"yoast_head":"<!-- This site is optimized with the Yoast SEO plugin v23.9 - https:\/\/yoast.com\/wordpress\/plugins\/seo\/ -->\n<title>Contact Us - As Concept<\/title>\n<meta name=\"robots\" content=\"index, follow, max-snippet:-1, max-image-preview:large, max-video-preview:-1\" \/>\n<link rel=\"canonical\" href=\"https:\/\/asconcept.com.tr\/en\/contact-us\/\" \/>\n<meta property=\"og:locale\" content=\"en_US\" \/>\n<meta property=\"og:type\" content=\"article\" \/>\n<meta property=\"og:title\" content=\"Contact Us - As Concept\" \/>\n<meta property=\"og:description\" content=\"Contact Us Bas\u0131n Ekspres, \u0130stanbul Mahmutbey Mh. 2658. Sk No:14, 34218 Ba\u011fc\u0131lar, Istanbul, T\u00fcrkiye 444 4 314 E-Posta: info@asconcept.com.tr Let us welcome you in our sales office or call you! Name Surname E-mail Phone\/Mobile KVKK metnini okudum, \u0130zin veriyorum.G\u00f6nder\" \/>\n<meta property=\"og:url\" content=\"https:\/\/asconcept.com.tr\/en\/contact-us\/\" \/>\n<meta property=\"og:site_name\" content=\"As Concept\" \/>\n<meta property=\"article:modified_time\" content=\"2024-03-06T10:45:15+00:00\" \/>\n<meta name=\"twitter:card\" content=\"summary_large_image\" \/>\n<script type=\"application\/ld+json\" class=\"yoast-schema-graph\">{\"@context\":\"https:\/\/schema.org\",\"@graph\":[{\"@type\":\"WebPage\",\"@id\":\"https:\/\/asconcept.com.tr\/en\/contact-us\/\",\"url\":\"https:\/\/asconcept.com.tr\/en\/contact-us\/\",\"name\":\"Contact Us - As Concept\",\"isPartOf\":{\"@id\":\"https:\/\/asconcept.com.tr\/en\/#website\"},\"datePublished\":\"2023-02-01T23:12:30+00:00\",\"dateModified\":\"2024-03-06T10:45:15+00:00\",\"breadcrumb\":{\"@id\":\"https:\/\/asconcept.com.tr\/en\/contact-us\/#breadcrumb\"},\"inLanguage\":\"en-US\",\"potentialAction\":[{\"@type\":\"ReadAction\",\"target\":[\"https:\/\/asconcept.com.tr\/en\/contact-us\/\"]}]},{\"@type\":\"BreadcrumbList\",\"@id\":\"https:\/\/asconcept.com.tr\/en\/contact-us\/#breadcrumb\",\"itemListElement\":[{\"@type\":\"ListItem\",\"position\":1,\"name\":\"Anasayfa\",\"item\":\"https:\/\/asconcept.com.tr\/\"},{\"@type\":\"ListItem\",\"position\":2,\"name\":\"Contact Us\"}]},{\"@type\":\"WebSite\",\"@id\":\"https:\/\/asconcept.com.tr\/en\/#website\",\"url\":\"https:\/\/asconcept.com.tr\/en\/\",\"name\":\"As Concept - Gelecekten Bir Ya\u015fam!\",\"description\":\"Gelecekten Bir Ya\u015fam!\",\"publisher\":{\"@id\":\"https:\/\/asconcept.com.tr\/en\/#organization\"},\"potentialAction\":[{\"@type\":\"SearchAction\",\"target\":{\"@type\":\"EntryPoint\",\"urlTemplate\":\"https:\/\/asconcept.com.tr\/en\/?s={search_term_string}\"},\"query-input\":{\"@type\":\"PropertyValueSpecification\",\"valueRequired\":true,\"valueName\":\"search_term_string\"}}],\"inLanguage\":\"en-US\"},{\"@type\":\"Organization\",\"@id\":\"https:\/\/asconcept.com.tr\/en\/#organization\",\"name\":\"As Concept\",\"url\":\"https:\/\/asconcept.com.tr\/en\/\",\"logo\":{\"@type\":\"ImageObject\",\"inLanguage\":\"en-US\",\"@id\":\"https:\/\/asconcept.com.tr\/en\/#\/schema\/logo\/image\/\",\"url\":\"https:\/\/asconcept.com.tr\/wp-content\/uploads\/2023\/01\/as-concept-siyah-2048x723-1.png\",\"contentUrl\":\"https:\/\/asconcept.com.tr\/wp-content\/uploads\/2023\/01\/as-concept-siyah-2048x723-1.png\",\"width\":2048,\"height\":723,\"caption\":\"As Concept\"},\"image\":{\"@id\":\"https:\/\/asconcept.com.tr\/en\/#\/schema\/logo\/image\/\"}}]}<\/script>\n<!-- \/ Yoast SEO plugin. -->","yoast_head_json":{"title":"Contact Us - As Concept","robots":{"index":"index","follow":"follow","max-snippet":"max-snippet:-1","max-image-preview":"max-image-preview:large","max-video-preview":"max-video-preview:-1"},"canonical":"https:\/\/asconcept.com.tr\/en\/contact-us\/","og_locale":"en_US","og_type":"article","og_title":"Contact Us - As Concept","og_description":"Contact Us Bas\u0131n Ekspres, \u0130stanbul Mahmutbey Mh. 2658. Sk No:14, 34218 Ba\u011fc\u0131lar, Istanbul, T\u00fcrkiye 444 4 314 E-Posta: info@asconcept.com.tr Let us welcome you in our sales office or call you! Name Surname E-mail Phone\/Mobile KVKK metnini okudum, \u0130zin veriyorum.G\u00f6nder","og_url":"https:\/\/asconcept.com.tr\/en\/contact-us\/","og_site_name":"As Concept","article_modified_time":"2024-03-06T10:45:15+00:00","twitter_card":"summary_large_image","schema":{"@context":"https:\/\/schema.org","@graph":[{"@type":"WebPage","@id":"https:\/\/asconcept.com.tr\/en\/contact-us\/","url":"https:\/\/asconcept.com.tr\/en\/contact-us\/","name":"Contact Us - As Concept","isPartOf":{"@id":"https:\/\/asconcept.com.tr\/en\/#website"},"datePublished":"2023-02-01T23:12:30+00:00","dateModified":"2024-03-06T10:45:15+00:00","breadcrumb":{"@id":"https:\/\/asconcept.com.tr\/en\/contact-us\/#breadcrumb"},"inLanguage":"en-US","potentialAction":[{"@type":"ReadAction","target":["https:\/\/asconcept.com.tr\/en\/contact-us\/"]}]},{"@type":"BreadcrumbList","@id":"https:\/\/asconcept.com.tr\/en\/contact-us\/#breadcrumb","itemListElement":[{"@type":"ListItem","position":1,"name":"Anasayfa","item":"https:\/\/asconcept.com.tr\/"},{"@type":"ListItem","position":2,"name":"Contact Us"}]},{"@type":"WebSite","@id":"https:\/\/asconcept.com.tr\/en\/#website","url":"https:\/\/asconcept.com.tr\/en\/","name":"As Concept - Gelecekten Bir Ya\u015fam!","description":"Gelecekten Bir Ya\u015fam!","publisher":{"@id":"https:\/\/asconcept.com.tr\/en\/#organization"},"potentialAction":[{"@type":"SearchAction","target":{"@type":"EntryPoint","urlTemplate":"https:\/\/asconcept.com.tr\/en\/?s={search_term_string}"},"query-input":{"@type":"PropertyValueSpecification","valueRequired":true,"valueName":"search_term_string"}}],"inLanguage":"en-US"},{"@type":"Organization","@id":"https:\/\/asconcept.com.tr\/en\/#organization","name":"As Concept","url":"https:\/\/asconcept.com.tr\/en\/","logo":{"@type":"ImageObject","inLanguage":"en-US","@id":"https:\/\/asconcept.com.tr\/en\/#\/schema\/logo\/image\/","url":"https:\/\/asconcept.com.tr\/wp-content\/uploads\/2023\/01\/as-concept-siyah-2048x723-1.png","contentUrl":"https:\/\/asconcept.com.tr\/wp-content\/uploads\/2023\/01\/as-concept-siyah-2048x723-1.png","width":2048,"height":723,"caption":"As Concept"},"image":{"@id":"https:\/\/asconcept.com.tr\/en\/#\/schema\/logo\/image\/"}}]}},"_links":{"self":[{"href":"https:\/\/asconcept.com.tr\/en\/wp-json\/wp\/v2\/pages\/641","targetHints":{"allow":["GET"]}}],"collection":[{"href":"https:\/\/asconcept.com.tr\/en\/wp-json\/wp\/v2\/pages"}],"about":[{"href":"https:\/\/asconcept.com.tr\/en\/wp-json\/wp\/v2\/types\/page"}],"author":[{"embeddable":true,"href":"https:\/\/asconcept.com.tr\/en\/wp-json\/wp\/v2\/users\/1"}],"replies":[{"embeddable":true,"href":"https:\/\/asconcept.com.tr\/en\/wp-json\/wp\/v2\/comments?post=641"}],"version-history":[{"count":8,"href":"https:\/\/asconcept.com.tr\/en\/wp-json\/wp\/v2\/pages\/641\/revisions"}],"predecessor-version":[{"id":1867,"href":"https:\/\/asconcept.com.tr\/en\/wp-json\/wp\/v2\/pages\/641\/revisions\/1867"}],"wp:attachment":[{"href":"https:\/\/asconcept.com.tr\/en\/wp-json\/wp\/v2\/media?parent=641"}],"curies":[{"name":"wp","href":"https:\/\/api.w.org\/{rel}","templated":true}]}}